{"id":13,"date":"2019-10-14T12:59:00","date_gmt":"2019-10-14T10:59:00","guid":{"rendered":"http:\/\/cotcocon.com\/?page_id=13"},"modified":"2025-12-10T18:53:44","modified_gmt":"2025-12-10T17:53:44","slug":"bienvenue","status":"publish","type":"page","link":"https:\/\/marionbaudoin.fr\/","title":{"rendered":"Bienvenue"},"content":{"rendered":"<p>&nbsp;<\/p>\n<p><span style=\"font-size: 14pt;\">Bienvenue sur mon site!<\/span><\/p>\n<p><span style=\"font-size: 14pt;\">Et bient\u00f4t peut-\u00eatre entre mes mains. Celles d&rsquo;une professionnelle du massage exp\u00e9riment\u00e9e et passionn\u00e9e. Mon toucher est d\u00e9licat, puissant et pr\u00e9cis, conscient.<\/span><\/p>\n<p><span style=\"font-size: 14pt;\">Ma pratique de soins issue de techniques mill\u00e9naires et holistiques, r\u00e9v\u00e8le une pr\u00e9sence \u00e0 la fois yin, chaleureuse, \u00e0 l&rsquo;\u00e9coute, sensorielle et une \u00e9nergie yang, puissante, en mouvement.<\/span><\/p>\n<p><span style=\"font-size: 14pt;\">Je vous accueille dans des espaces de soins chaleureux.<\/span><\/p>\n<p><span style=\"font-size: 14pt;\">Tout est pr\u00eat pour ces moments o\u00f9 vous pourrez<\/span><\/p>\n<p><span style=\"font-size: 14pt;\"><strong>\u00a0 \u00a0 \u00a0 \u00a0 \u00a0 \u00a0 Honorer votre corps\u00a0 <\/strong><\/span><\/p>\n<p><span style=\"font-size: 14pt;\"><strong>\u00a0 \u00a0 \u00a0 \u00a0 \u00a0 \u00a0 Cr\u00e9er de l&rsquo;espace \u00e0 l&rsquo;int\u00e9rieur <\/strong><\/span><\/p>\n<p><span style=\"font-size: 14pt;\"><strong>\u00a0 \u00a0 \u00a0 \u00a0 \u00a0 \u00a0 Ouvrir votre coeur<\/strong><\/span><\/p>\n<p><span style=\"font-size: 14pt;\">Et trouver de la d\u00e9tente dans vos transformations, <strong>vers l&rsquo;expansion !<\/strong><\/span><\/p>\n","protected":false},"excerpt":{"rendered":"<p>&nbsp; Bienvenue sur mon site! Et bient\u00f4t peut-\u00eatre entre mes mains. Celles d&rsquo;une professionnelle du massage exp\u00e9riment\u00e9e et passionn\u00e9e. Mon toucher est d\u00e9licat, puissant et pr\u00e9cis, conscient. Ma pratique de soins issue de techniques mill\u00e9naires et holistiques, r\u00e9v\u00e8le une pr\u00e9sence \u00e0 la fois yin, chaleureuse, \u00e0 l&rsquo;\u00e9coute, sensorielle et une \u00e9nergie yang, puissante, en mouvement. &hellip; <\/p>\n<p class=\"link-more\"><a href=\"https:\/\/marionbaudoin.fr\/\" class=\"more-link\">Continuer la lecture<span class=\"screen-reader-text\"> de &laquo;&nbsp;Bienvenue&nbsp;&raquo;<\/span><\/a><\/p>\n","protected":false},"author":2,"featured_media":0,"parent":0,"menu_order":0,"comment_status":"closed","ping_status":"closed","template":"","meta":{"footnotes":""},"class_list":["post-13","page","type-page","status-publish","hentry"],"_links":{"self":[{"href":"https:\/\/marionbaudoin.fr\/index.php?rest_route=\/wp\/v2\/pages\/13","targetHints":{"allow":["GET"]}}],"collection":[{"href":"https:\/\/marionbaudoin.fr\/index.php?rest_route=\/wp\/v2\/pages"}],"about":[{"href":"https:\/\/marionbaudoin.fr\/index.php?rest_route=\/wp\/v2\/types\/page"}],"author":[{"embeddable":true,"href":"https:\/\/marionbaudoin.fr\/index.php?rest_route=\/wp\/v2\/users\/2"}],"replies":[{"embeddable":true,"href":"https:\/\/marionbaudoin.fr\/index.php?rest_route=%2Fwp%2Fv2%2Fcomments&post=13"}],"version-history":[{"count":19,"href":"https:\/\/marionbaudoin.fr\/index.php?rest_route=\/wp\/v2\/pages\/13\/revisions"}],"predecessor-version":[{"id":520,"href":"https:\/\/marionbaudoin.fr\/index.php?rest_route=\/wp\/v2\/pages\/13\/revisions\/520"}],"wp:attachment":[{"href":"https:\/\/marionbaudoin.fr\/index.php?rest_route=%2Fwp%2Fv2%2Fmedia&parent=13"}],"curies":[{"name":"wp","href":"https:\/\/api.w.org\/{rel}","templated":true}]}}